{"id":19,"date":"2025-06-06T10:00:20","date_gmt":"2025-06-06T10:00:20","guid":{"rendered":"https:\/\/gruporeinaldo.com\/?page_id=19"},"modified":"2026-01-09T09:19:45","modified_gmt":"2026-01-09T09:19:45","slug":"inicio","status":"publish","type":"page","link":"https:\/\/gruporeinaldo.com\/","title":{"rendered":"Inicio"},"content":{"rendered":"\t\t<div data-elementor-type=\"wp-page\" data-elementor-id=\"19\" class=\"elementor elementor-19\">\n\t\t\t\t<div class=\"elementor-element elementor-element-5712114 e-flex e-con-boxed e-con e-parent\" data-id=\"5712114\" data-element_type=\"container\" data-e-type=\"container\" data-settings=\"{&quot;background_background&quot;:&quot;slideshow&quot;,&quot;background_slideshow_gallery&quot;:[{&quot;id&quot;:222,&quot;url&quot;:&quot;https:\\\/\\\/gruporeinaldo.com\\\/wp-content\\\/uploads\\\/2025\\\/06\\\/Terraza.jpg&quot;},{&quot;id&quot;:220,&quot;url&quot;:&quot;https:\\\/\\\/gruporeinaldo.com\\\/wp-content\\\/uploads\\\/2025\\\/06\\\/2-3.jpg&quot;},{&quot;id&quot;:223,&quot;url&quot;:&quot;https:\\\/\\\/gruporeinaldo.com\\\/wp-content\\\/uploads\\\/2025\\\/06\\\/1-2-min.jpg&quot;}],&quot;background_slideshow_slide_duration&quot;:2500,&quot;background_slideshow_loop&quot;:&quot;yes&quot;,&quot;background_slideshow_slide_transition&quot;:&quot;fade&quot;,&quot;background_slideshow_transition_duration&quot;:500}\">\n\t\t\t\t\t<div class=\"e-con-inner\">\n\t\t\t\t<div class=\"elementor-element elementor-element-9b1a41b elementor-widget elementor-widget-image\" data-id=\"9b1a41b\" data-element_type=\"widget\" data-e-type=\"widget\" data-widget_type=\"image.default\">\n\t\t\t\t<div class=\"elementor-widget-container\">\n\t\t\t\t\t\t\t\t\t\t\t\t\t\t\t<img fetchpriority=\"high\" decoding=\"async\" width=\"1024\" height=\"315\" src=\"https:\/\/gruporeinaldo.com\/wp-content\/uploads\/2025\/06\/Logo-Grupo-Reinaldo-blanco.png\" class=\"attachment-large size-large wp-image-47\" alt=\"\" \/>\t\t\t\t\t\t\t\t\t\t\t\t\t\t\t<\/div>\n\t\t\t\t<\/div>\n\t\t\t\t\t<\/div>\n\t\t\t\t<\/div>\n\t\t<div class=\"elementor-element elementor-element-840f357 e-flex e-con-boxed e-con e-parent\" data-id=\"840f357\" data-element_type=\"container\" data-e-type=\"container\">\n\t\t\t\t\t<div class=\"e-con-inner\">\n\t\t\t\t<div class=\"elementor-element elementor-element-62c1aeb elementor-widget elementor-widget-heading\" data-id=\"62c1aeb\" data-element_type=\"widget\" data-e-type=\"widget\" data-widget_type=\"heading.default\">\n\t\t\t\t<div class=\"elementor-widget-container\">\n\t\t\t\t\t<h2 class=\"elementor-heading-title elementor-size-default\">~Donde siempre todo ha sucedido~<\/h2>\t\t\t\t<\/div>\n\t\t\t\t<\/div>\n\t\t\t\t\t<\/div>\n\t\t\t\t<\/div>\n\t\t<div class=\"elementor-element elementor-element-7170f6e elementor-hidden-desktop e-flex e-con-boxed e-con e-parent\" data-id=\"7170f6e\" data-element_type=\"container\" data-e-type=\"container\">\n\t\t\t\t\t<div class=\"e-con-inner\">\n\t\t\t\t<div class=\"elementor-element elementor-element-23599df elementor-widget elementor-widget-text-editor\" data-id=\"23599df\" data-element_type=\"widget\" data-e-type=\"widget\" data-widget_type=\"text-editor.default\">\n\t\t\t\t<div class=\"elementor-widget-container\">\n\t\t\t\t\t\t\t\t\t<p>Grupo Reinaldo es una referencia en la hosteler\u00eda de Estepona desde los a\u00f1os 80, con una trayectoria que se remonta a\u00fan m\u00e1s atr\u00e1s gracias a una tradici\u00f3n familiar que ha pasado de generaci\u00f3n en generaci\u00f3n.&nbsp;<\/p><p><span style=\"font-style: inherit; font-weight: inherit;\">Consta de cuatro espacios \u00fanicos -dos restaurantes y dos bares de copas- que combinan lo mejor de la gastronom\u00eda mediterr\u00e1nea, el ambiente costero y la vida nocturna.<\/span><\/p>\n<p>Cada local tiene su esencia propia, pero todos comparten el mismo esp\u00edritu: calidad, cercan\u00eda y pasi\u00f3n por hacer sentir bien a quien nos visita. Adem\u00e1s, cada uno se encuentra en un punto clave, cuidadosamente elegido por su ubicaci\u00f3n privilegiada, lo que convierte cada visita en una experiencia con vistas, sabor y alma local.<\/p>\t\t\t\t\t\t\t\t<\/div>\n\t\t\t\t<\/div>\n\t\t\t\t\t<\/div>\n\t\t\t\t<\/div>\n\t\t<div class=\"elementor-element elementor-element-f4be56d e-flex e-con-boxed e-con e-parent\" data-id=\"f4be56d\" data-element_type=\"container\" data-e-type=\"container\" id=\"GR\">\n\t\t\t\t\t<div class=\"e-con-inner\">\n\t\t<div class=\"elementor-element elementor-element-fe03ccd e-grid e-con-full e-con e-child\" data-id=\"fe03ccd\" data-element_type=\"container\" data-e-type=\"container\">\n\t\t\t\t<div class=\"elementor-element elementor-element-d7511e4 elementor-position-top elementor-widget elementor-widget-image-box\" data-id=\"d7511e4\" data-element_type=\"widget\" data-e-type=\"widget\" data-widget_type=\"image-box.default\">\n\t\t\t\t<div class=\"elementor-widget-container\">\n\t\t\t\t\t<div class=\"elementor-image-box-wrapper\"><figure class=\"elementor-image-box-img\"><a href=\"https:\/\/gruporeinaldo.com\/index.php\/reinaldo\/\" tabindex=\"-1\"><img decoding=\"async\" width=\"1088\" height=\"608\" src=\"https:\/\/gruporeinaldo.com\/wp-content\/uploads\/2025\/06\/Locales-Reinaldo-4.png\" class=\"attachment-full size-full wp-image-68\" alt=\"\" \/><\/a><\/figure><\/div>\t\t\t\t<\/div>\n\t\t\t\t<\/div>\n\t\t\t\t<div class=\"elementor-element elementor-element-575101d elementor-position-top elementor-widget elementor-widget-image-box\" data-id=\"575101d\" data-element_type=\"widget\" data-e-type=\"widget\" data-widget_type=\"image-box.default\">\n\t\t\t\t<div class=\"elementor-widget-container\">\n\t\t\t\t\t<div class=\"elementor-image-box-wrapper\"><figure class=\"elementor-image-box-img\"><a href=\"https:\/\/gruporeinaldo.com\/index.php\/don-reinaldo\/\" tabindex=\"-1\"><img decoding=\"async\" width=\"1089\" height=\"611\" src=\"https:\/\/gruporeinaldo.com\/wp-content\/uploads\/2025\/06\/Locales-Reinaldo-1.png\" class=\"attachment-full size-full wp-image-65\" alt=\"\" \/><\/a><\/figure><\/div>\t\t\t\t<\/div>\n\t\t\t\t<\/div>\n\t\t\t\t<div class=\"elementor-element elementor-element-0ad2bdd elementor-position-top elementor-widget elementor-widget-image-box\" data-id=\"0ad2bdd\" data-element_type=\"widget\" data-e-type=\"widget\" data-widget_type=\"image-box.default\">\n\t\t\t\t<div class=\"elementor-widget-container\">\n\t\t\t\t\t<div class=\"elementor-image-box-wrapper\"><figure class=\"elementor-image-box-img\"><a href=\"https:\/\/gruporeinaldo.com\/index.php\/la-casa-del-rey\/\" tabindex=\"-1\"><img loading=\"lazy\" decoding=\"async\" width=\"1086\" height=\"607\" src=\"https:\/\/gruporeinaldo.com\/wp-content\/uploads\/2025\/06\/Locales-Reinaldo-3.png\" class=\"attachment-full size-full wp-image-67\" alt=\"\" \/><\/a><\/figure><\/div>\t\t\t\t<\/div>\n\t\t\t\t<\/div>\n\t\t\t\t<\/div>\n\t\t\t\t\t<\/div>\n\t\t\t\t<\/div>\n\t\t<div class=\"elementor-element elementor-element-e357b2f elementor-hidden-tablet elementor-hidden-mobile e-flex e-con-boxed e-con e-parent\" data-id=\"e357b2f\" data-element_type=\"container\" data-e-type=\"container\">\n\t\t\t\t\t<div class=\"e-con-inner\">\n\t\t\t\t<div class=\"elementor-element elementor-element-4a0e99d elementor-widget elementor-widget-text-editor\" data-id=\"4a0e99d\" data-element_type=\"widget\" data-e-type=\"widget\" data-widget_type=\"text-editor.default\">\n\t\t\t\t<div class=\"elementor-widget-container\">\n\t\t\t\t\t\t\t\t\t<p>Grupo Reinaldo es una referencia en la hosteler\u00eda de Estepona desde los a\u00f1os 80, con una trayectoria que se remonta a\u00fan m\u00e1s atr\u00e1s gracias a una tradici\u00f3n familiar que ha pasado de generaci\u00f3n en generaci\u00f3n. <br \/>Consta de cuatro espacios \u00fanicos -dos restaurantes y dos bares de copas- que combinan lo mejor de la gastronom\u00eda mediterr\u00e1nea, el ambiente costero y la vida nocturna. <br \/>Cada local tiene su esencia propia, pero todos comparten el mismo esp\u00edritu: calidad, cercan\u00eda y pasi\u00f3n por hacer sentir bien a quien nos visita. Adem\u00e1s, cada uno se encuentra en un punto clave, cuidadosamente elegido por su ubicaci\u00f3n privilegiada, lo que convierte cada visita en una experiencia con vistas, sabor y alma local.<\/p>\t\t\t\t\t\t\t\t<\/div>\n\t\t\t\t<\/div>\n\t\t\t\t<div class=\"elementor-element elementor-element-e4f2889 elementor-widget elementor-widget-text-editor\" data-id=\"e4f2889\" data-element_type=\"widget\" data-e-type=\"widget\" data-widget_type=\"text-editor.default\">\n\t\t\t\t<div class=\"elementor-widget-container\">\n\t\t\t\t\t\t\t\t\t<p>GRUPO REINALDO, DONDE TODO SIEMPRE HA SUCEDIDO.<\/p>\t\t\t\t\t\t\t\t<\/div>\n\t\t\t\t<\/div>\n\t\t\t\t\t<\/div>\n\t\t\t\t<\/div>\n\t\t<div class=\"elementor-element elementor-element-ab2de1b e-con-full e-flex e-con e-parent\" data-id=\"ab2de1b\" data-element_type=\"container\" data-e-type=\"container\" id=\"crezcamos\" data-settings=\"{&quot;background_background&quot;:&quot;classic&quot;}\">\n\t\t<div class=\"elementor-element elementor-element-96392eb e-con-full e-flex e-con e-child\" data-id=\"96392eb\" data-element_type=\"container\" data-e-type=\"container\">\n\t\t\t\t<div class=\"elementor-element elementor-element-1a9cbc5 elementor-widget elementor-widget-heading\" data-id=\"1a9cbc5\" data-element_type=\"widget\" data-e-type=\"widget\" data-widget_type=\"heading.default\">\n\t\t\t\t<div class=\"elementor-widget-container\">\n\t\t\t\t\t<h2 class=\"elementor-heading-title elementor-size-default\">Crezcamos<\/h2>\t\t\t\t<\/div>\n\t\t\t\t<\/div>\n\t\t\t\t<div class=\"elementor-element elementor-element-8301af9 elementor-widget elementor-widget-heading\" data-id=\"8301af9\" data-element_type=\"widget\" data-e-type=\"widget\" data-widget_type=\"heading.default\">\n\t\t\t\t<div class=\"elementor-widget-container\">\n\t\t\t\t\t<h2 class=\"elementor-heading-title elementor-size-default\">juntos<\/h2>\t\t\t\t<\/div>\n\t\t\t\t<\/div>\n\t\t\t\t<div class=\"elementor-element elementor-element-f52c13d elementor-widget elementor-widget-text-editor\" data-id=\"f52c13d\" data-element_type=\"widget\" data-e-type=\"widget\" data-widget_type=\"text-editor.default\">\n\t\t\t\t<div class=\"elementor-widget-container\">\n\t\t\t\t\t\t\t\t\t<p>\u00danete a nuestro equipo.&nbsp;<span style=\"font-style: inherit; font-weight: inherit;\">Sea cual sea tu perfil.<\/span><\/p>\n<p>Si eres una persona apasionada por la hosteler\u00eda, m\u00e1ndanos tus datos.<\/p>\t\t\t\t\t\t\t\t<\/div>\n\t\t\t\t<\/div>\n\t\t\t\t<div class=\"elementor-element elementor-element-9f99a75 elementor-widget elementor-widget-heading\" data-id=\"9f99a75\" data-element_type=\"widget\" data-e-type=\"widget\" data-widget_type=\"heading.default\">\n\t\t\t\t<div class=\"elementor-widget-container\">\n\t\t\t\t\t<h3 class=\"elementor-heading-title elementor-size-default\"><a href=\"mailto:rrhh@gruporeinaldo.com\">rrhh@gruporeinaldo.com<\/a><\/h3>\t\t\t\t<\/div>\n\t\t\t\t<\/div>\n\t\t\t\t<\/div>\n\t\t<div class=\"elementor-element elementor-element-2d7bce2 e-con-full e-flex e-con e-child\" data-id=\"2d7bce2\" data-element_type=\"container\" data-e-type=\"container\">\n\t\t\t\t<div class=\"elementor-element elementor-element-b0aaf26 elementor-hidden-tablet elementor-hidden-mobile elementor-widget elementor-widget-image\" data-id=\"b0aaf26\" data-element_type=\"widget\" data-e-type=\"widget\" data-widget_type=\"image.default\">\n\t\t\t\t<div class=\"elementor-widget-container\">\n\t\t\t\t\t\t\t\t\t\t\t\t\t\t\t<img loading=\"lazy\" decoding=\"async\" width=\"573\" height=\"864\" src=\"https:\/\/gruporeinaldo.com\/wp-content\/uploads\/2025\/06\/Personal.png\" class=\"attachment-large size-large wp-image-73\" alt=\"\" \/>\t\t\t\t\t\t\t\t\t\t\t\t\t\t\t<\/div>\n\t\t\t\t<\/div>\n\t\t\t\t<\/div>\n\t\t\t\t<\/div>\n\t\t<div class=\"elementor-element elementor-element-fad9952 e-flex e-con-boxed e-con e-parent\" data-id=\"fad9952\" data-element_type=\"container\" data-e-type=\"container\" id=\"contacto\">\n\t\t\t\t\t<div class=\"e-con-inner\">\n\t\t\t\t<div class=\"elementor-element elementor-element-81d3a80 elementor-widget elementor-widget-heading\" data-id=\"81d3a80\" data-element_type=\"widget\" data-e-type=\"widget\" data-widget_type=\"heading.default\">\n\t\t\t\t<div class=\"elementor-widget-container\">\n\t\t\t\t\t<h2 class=\"elementor-heading-title elementor-size-default\">CONTACTO<\/h2>\t\t\t\t<\/div>\n\t\t\t\t<\/div>\n\t\t\t\t\t<\/div>\n\t\t\t\t<\/div>\n\t\t<div class=\"elementor-element elementor-element-3f66a21 e-flex e-con-boxed e-con e-parent\" data-id=\"3f66a21\" data-element_type=\"container\" data-e-type=\"container\">\n\t\t\t\t\t<div class=\"e-con-inner\">\n\t\t<div class=\"elementor-element elementor-element-7bb3be1 e-con-full e-flex e-con e-child\" data-id=\"7bb3be1\" data-element_type=\"container\" data-e-type=\"container\">\n\t\t\t\t<div class=\"elementor-element elementor-element-71cdf08 elementor-widget elementor-widget-heading\" data-id=\"71cdf08\" data-element_type=\"widget\" data-e-type=\"widget\" data-widget_type=\"heading.default\">\n\t\t\t\t<div class=\"elementor-widget-container\">\n\t\t\t\t\t<h4 class=\"elementor-heading-title elementor-size-default\">Oficina<\/h4>\t\t\t\t<\/div>\n\t\t\t\t<\/div>\n\t\t\t\t<div class=\"elementor-element elementor-element-758c126 elementor-widget elementor-widget-heading\" data-id=\"758c126\" data-element_type=\"widget\" data-e-type=\"widget\" data-widget_type=\"heading.default\">\n\t\t\t\t<div class=\"elementor-widget-container\">\n\t\t\t\t\t<h4 class=\"elementor-heading-title elementor-size-default\">Calle Rafael N\u00ba7\u00a0 -\u00a0 29680 Estepona, M\u00e1laga<\/h4>\t\t\t\t<\/div>\n\t\t\t\t<\/div>\n\t\t\t\t<\/div>\n\t\t<div class=\"elementor-element elementor-element-19091c2 e-con-full e-flex e-con e-child\" data-id=\"19091c2\" data-element_type=\"container\" data-e-type=\"container\">\n\t\t\t\t<div class=\"elementor-element elementor-element-5907810 elementor-widget elementor-widget-heading\" data-id=\"5907810\" data-element_type=\"widget\" data-e-type=\"widget\" data-widget_type=\"heading.default\">\n\t\t\t\t<div class=\"elementor-widget-container\">\n\t\t\t\t\t<h4 class=\"elementor-heading-title elementor-size-default\">Horario<\/h4>\t\t\t\t<\/div>\n\t\t\t\t<\/div>\n\t\t\t\t<div class=\"elementor-element elementor-element-cca3fd1 elementor-widget elementor-widget-heading\" data-id=\"cca3fd1\" data-element_type=\"widget\" data-e-type=\"widget\" data-widget_type=\"heading.default\">\n\t\t\t\t<div class=\"elementor-widget-container\">\n\t\t\t\t\t<h4 class=\"elementor-heading-title elementor-size-default\">9:00 - 13:00<\/h4>\t\t\t\t<\/div>\n\t\t\t\t<\/div>\n\t\t\t\t<\/div>\n\t\t<div class=\"elementor-element elementor-element-5a794a3 e-con-full e-flex e-con e-child\" data-id=\"5a794a3\" data-element_type=\"container\" data-e-type=\"container\">\n\t\t\t\t<div class=\"elementor-element elementor-element-aa58078 elementor-widget elementor-widget-heading\" data-id=\"aa58078\" data-element_type=\"widget\" data-e-type=\"widget\" data-widget_type=\"heading.default\">\n\t\t\t\t<div class=\"elementor-widget-container\">\n\t\t\t\t\t<h4 class=\"elementor-heading-title elementor-size-default\">Tel\u00e9fono<\/h4>\t\t\t\t<\/div>\n\t\t\t\t<\/div>\n\t\t\t\t<div class=\"elementor-element elementor-element-307bab8 elementor-widget elementor-widget-heading\" data-id=\"307bab8\" data-element_type=\"widget\" data-e-type=\"widget\" data-widget_type=\"heading.default\">\n\t\t\t\t<div class=\"elementor-widget-container\">\n\t\t\t\t\t<h4 class=\"elementor-heading-title elementor-size-default\"><a href=\"tel:+34952896138\">952 89 61 38<\/a><\/h4>\t\t\t\t<\/div>\n\t\t\t\t<\/div>\n\t\t\t\t<\/div>\n\t\t<div class=\"elementor-element elementor-element-7867e12 e-con-full e-flex e-con e-child\" data-id=\"7867e12\" data-element_type=\"container\" data-e-type=\"container\">\n\t\t\t\t<div class=\"elementor-element elementor-element-f2b26d2 elementor-widget elementor-widget-heading\" data-id=\"f2b26d2\" data-element_type=\"widget\" data-e-type=\"widget\" data-widget_type=\"heading.default\">\n\t\t\t\t<div class=\"elementor-widget-container\">\n\t\t\t\t\t<h4 class=\"elementor-heading-title elementor-size-default\">EMAIL<\/h4>\t\t\t\t<\/div>\n\t\t\t\t<\/div>\n\t\t\t\t<div class=\"elementor-element elementor-element-7769aff elementor-widget elementor-widget-heading\" data-id=\"7769aff\" data-element_type=\"widget\" data-e-type=\"widget\" data-widget_type=\"heading.default\">\n\t\t\t\t<div class=\"elementor-widget-container\">\n\t\t\t\t\t<h4 class=\"elementor-heading-title elementor-size-default\"><a href=\"mailto:info@gruporeinaldo.com\">info@gruporeinaldo.com<\/a><\/h4>\t\t\t\t<\/div>\n\t\t\t\t<\/div>\n\t\t\t\t<\/div>\n\t\t\t\t\t<\/div>\n\t\t\t\t<\/div>\n\t\t\t\t<\/div>\n\t\t","protected":false},"excerpt":{"rendered":"<p>~Donde siempre todo ha sucedido~ Grupo Reinaldo es una referencia en la hosteler\u00eda de Estepona desde los a\u00f1os 80, con [&hellip;]<\/p>\n","protected":false},"author":2,"featured_media":0,"parent":0,"menu_order":0,"comment_status":"closed","ping_status":"closed","template":"","meta":{"site-sidebar-layout":"no-sidebar","site-content-layout":"","ast-site-content-layout":"full-width-container","site-content-style":"default","site-sidebar-style":"default","ast-global-header-display":"","ast-banner-title-visibility":"","ast-main-header-display":"","ast-hfb-above-header-display":"","ast-hfb-below-header-display":"","ast-hfb-mobile-header-display":"","site-post-title":"disabled","ast-breadcrumbs-content":"","ast-featured-img":"disabled","footer-sml-layout":"","ast-disable-related-posts":"","theme-transparent-header-meta":"","adv-header-id-meta":"","stick-header-meta":"","header-above-stick-meta":"","header-main-stick-meta":"","header-below-stick-meta":"","astra-migrate-meta-layouts":"default","ast-page-background-enabled":"default","ast-page-background-meta":{"desktop":{"background-color":"var(--ast-global-color-5)","background-image":"","background-repeat":"repeat","background-position":"center center","background-size":"auto","background-attachment":"scroll","background-type":"","background-media":"","overlay-type":"","overlay-color":"","overlay-opacity":"","overlay-gradient":""},"tablet":{"background-color":"","background-image":"","background-repeat":"repeat","background-position":"center center","background-size":"auto","background-attachment":"scroll","background-type":"","background-media":"","overlay-type":"","overlay-color":"","overlay-opacity":"","overlay-gradient":""},"mobile":{"background-color":"","background-image":"","background-repeat":"repeat","background-position":"center center","background-size":"auto","background-attachment":"scroll","background-type":"","background-media":"","overlay-type":"","overlay-color":"","overlay-opacity":"","overlay-gradient":""}},"ast-content-background-meta":{"desktop":{"background-color":"var(--ast-global-color-4)","background-image":"","background-repeat":"repeat","background-position":"center center","background-size":"auto","background-attachment":"scroll","background-type":"","background-media":"","overlay-type":"","overlay-color":"","overlay-opacity":"","overlay-gradient":""},"tablet":{"background-color":"var(--ast-global-color-4)","background-image":"","background-repeat":"repeat","background-position":"center center","background-size":"auto","background-attachment":"scroll","background-type":"","background-media":"","overlay-type":"","overlay-color":"","overlay-opacity":"","overlay-gradient":""},"mobile":{"background-color":"var(--ast-global-color-4)","background-image":"","background-repeat":"repeat","background-position":"center center","background-size":"auto","background-attachment":"scroll","background-type":"","background-media":"","overlay-type":"","overlay-color":"","overlay-opacity":"","overlay-gradient":""}},"footnotes":""},"class_list":["post-19","page","type-page","status-publish","hentry"],"_links":{"self":[{"href":"https:\/\/gruporeinaldo.com\/index.php\/wp-json\/wp\/v2\/pages\/19","targetHints":{"allow":["GET"]}}],"collection":[{"href":"https:\/\/gruporeinaldo.com\/index.php\/wp-json\/wp\/v2\/pages"}],"about":[{"href":"https:\/\/gruporeinaldo.com\/index.php\/wp-json\/wp\/v2\/types\/page"}],"author":[{"embeddable":true,"href":"https:\/\/gruporeinaldo.com\/index.php\/wp-json\/wp\/v2\/users\/2"}],"replies":[{"embeddable":true,"href":"https:\/\/gruporeinaldo.com\/index.php\/wp-json\/wp\/v2\/comments?post=19"}],"version-history":[{"count":134,"href":"https:\/\/gruporeinaldo.com\/index.php\/wp-json\/wp\/v2\/pages\/19\/revisions"}],"predecessor-version":[{"id":1102,"href":"https:\/\/gruporeinaldo.com\/index.php\/wp-json\/wp\/v2\/pages\/19\/revisions\/1102"}],"wp:attachment":[{"href":"https:\/\/gruporeinaldo.com\/index.php\/wp-json\/wp\/v2\/media?parent=19"}],"curies":[{"name":"wp","href":"https:\/\/api.w.org\/{rel}","templated":true}]}}